{"id":200,"date":"2024-02-08T12:24:56","date_gmt":"2024-02-08T11:24:56","guid":{"rendered":"https:\/\/clinicarocamar.es\/?page_id=200"},"modified":"2024-02-08T12:28:03","modified_gmt":"2024-02-08T11:28:03","slug":"politica-de-privacidad","status":"publish","type":"page","link":"https:\/\/clinicarocamar.es\/en\/politica-de-privacidad\/","title":{"rendered":"Pol\u00edtica de privacidad"},"content":{"rendered":"<div data-elementor-type=\"wp-page\" data-elementor-id=\"200\" class=\"elementor elementor-200\" data-elementor-post-type=\"page\">\n\t\t\t\t<div class=\"elementor-element elementor-element-4903e58 e-flex e-con-boxed e-con e-parent\" data-id=\"4903e58\" data-element_type=\"container\" data-settings=\"{&quot;content_width&quot;:&quot;boxed&quot;}\" data-core-v316-plus=\"true\">\n\t\t\t\t\t<div class=\"e-con-inner\">\n\t\t\t\t<div class=\"elementor-element elementor-element-b8c33b2 elementor-widget elementor-widget-spacer\" data-id=\"b8c33b2\" data-element_type=\"widget\" data-widget_type=\"spacer.default\">\n\t\t\t\t<div class=\"elementor-widget-container\">\n\t\t\t<style>\/*! elementor - v3.19.0 - 07-02-2024 *\/\n.elementor-column .elementor-spacer-inner{height:var(--spacer-size)}.e-con{--container-widget-width:100%}.e-con-inner>.elementor-widget-spacer,.e-con>.elementor-widget-spacer{width:var(--container-widget-width,var(--spacer-size));--align-self:var(--container-widget-align-self,initial);--flex-shrink:0}.e-con-inner>.elementor-widget-spacer>.elementor-widget-container,.e-con>.elementor-widget-spacer>.elementor-widget-container{height:100%;width:100%}.e-con-inner>.elementor-widget-spacer>.elementor-widget-container>.elementor-spacer,.e-con>.elementor-widget-spacer>.elementor-widget-container>.elementor-spacer{height:100%}.e-con-inner>.elementor-widget-spacer>.elementor-widget-container>.elementor-spacer>.elementor-spacer-inner,.e-con>.elementor-widget-spacer>.elementor-widget-container>.elementor-spacer>.elementor-spacer-inner{height:var(--container-widget-height,var(--spacer-size))}.e-con-inner>.elementor-widget-spacer.elementor-widget-empty,.e-con>.elementor-widget-spacer.elementor-widget-empty{position:relative;min-height:22px;min-width:22px}.e-con-inner>.elementor-widget-spacer.elementor-widget-empty .elementor-widget-empty-icon,.e-con>.elementor-widget-spacer.elementor-widget-empty .elementor-widget-empty-icon{position:absolute;top:0;bottom:0;left:0;right:0;margin:auto;padding:0;width:22px;height:22px}<\/style>\t\t<div class=\"elementor-spacer\">\n\t\t\t<div class=\"elementor-spacer-inner\"><\/div>\n\t\t<\/div>\n\t\t\t\t<\/div>\n\t\t\t\t<\/div>\n\t\t\t\t<div class=\"elementor-element elementor-element-29c285b elementor-widget elementor-widget-heading\" data-id=\"29c285b\" data-element_type=\"widget\" data-widget_type=\"heading.default\">\n\t\t\t\t<div class=\"elementor-widget-container\">\n\t\t\t<style>\/*! elementor - v3.19.0 - 07-02-2024 *\/\n.elementor-heading-title{padding:0;margin:0;line-height:1}.elementor-widget-heading .elementor-heading-title[class*=elementor-size-]>a{color:inherit;font-size:inherit;line-height:inherit}.elementor-widget-heading .elementor-heading-title.elementor-size-small{font-size:15px}.elementor-widget-heading .elementor-heading-title.elementor-size-medium{font-size:19px}.elementor-widget-heading .elementor-heading-title.elementor-size-large{font-size:29px}.elementor-widget-heading .elementor-heading-title.elementor-size-xl{font-size:39px}.elementor-widget-heading .elementor-heading-title.elementor-size-xxl{font-size:59px}<\/style><p class=\"elementor-heading-title elementor-size-default\">Pol\u00edtica de privacidad<\/p>\t\t<\/div>\n\t\t\t\t<\/div>\n\t\t\t\t<div class=\"elementor-element elementor-element-701e234 elementor-widget elementor-widget-breadcrumbs\" data-id=\"701e234\" data-element_type=\"widget\" data-widget_type=\"breadcrumbs.default\">\n\t\t\t\t<div class=\"elementor-widget-container\">\n\t\t\t<link rel=\"stylesheet\" href=\"https:\/\/clinicarocamar.es\/wp-content\/plugins\/elementor-pro\/assets\/css\/widget-theme-elements.min.css\"><p id=\"breadcrumbs\"><span><span><a href=\"https:\/\/clinicarocamar.es\/en\/\">Inicio<\/a><\/span><\/span><\/p>\t\t<\/div>\n\t\t\t\t<\/div>\n\t\t\t\t\t<\/div>\n\t\t\t\t<\/div>\n\t\t<div class=\"elementor-element elementor-element-9083931 e-flex e-con-boxed e-con e-parent\" data-id=\"9083931\" data-element_type=\"container\" data-settings=\"{&quot;content_width&quot;:&quot;boxed&quot;}\" data-core-v316-plus=\"true\">\n\t\t\t\t\t<div class=\"e-con-inner\">\n\t\t\t\t<div class=\"elementor-element elementor-element-97f04ce elementor-widget elementor-widget-text-editor\" data-id=\"97f04ce\" data-element_type=\"widget\" data-widget_type=\"text-editor.default\">\n\t\t\t\t<div class=\"elementor-widget-container\">\n\t\t\t<style>\/*! elementor - v3.19.0 - 07-02-2024 *\/\n.elementor-widget-text-editor.elementor-drop-cap-view-stacked .elementor-drop-cap{background-color:#69727d;color:#fff}.elementor-widget-text-editor.elementor-drop-cap-view-framed .elementor-drop-cap{color:#69727d;border:3px solid;background-color:transparent}.elementor-widget-text-editor:not(.elementor-drop-cap-view-default) .elementor-drop-cap{margin-top:8px}.elementor-widget-text-editor:not(.elementor-drop-cap-view-default) .elementor-drop-cap-letter{width:1em;height:1em}.elementor-widget-text-editor .elementor-drop-cap{float:left;text-align:center;line-height:1;font-size:50px}.elementor-widget-text-editor .elementor-drop-cap-letter{display:inline-block}<\/style>\t\t\t\t<p>Este Sitio Web es propiedad de CENTRO CL\u00cdNICO DE REHABILITACI\u00d3N ROCAMAR, S.L., responsable del tratamiento, cuyo domicilio social se encuentra sito en CALLE SAN MARCOS, 3, 18005 GRANADA.<\/p><p>Direcci\u00f3n de correo electr\u00f3nico de contacto: clinicarocamar@gmail.com.<\/p><p>El nombre de dominio bajo el que figura el responsable en internet es https:\/\/clinicarocamar.es\u00a0<\/p><h2>1. Informaci\u00f3n Legal<\/h2><p>Bienvenido al Sitio Web de CENTRO CL\u00cdNICO DE REHABILITACI\u00d3N ROCAMAR, S.L., el cual ha sido dise\u00f1ado con el objeto de facilitarle informaci\u00f3n general acerca de la actividad y los servicios que ofrece. Los t\u00e9rminos y condiciones que ser\u00e1n aplicables durante su navegaci\u00f3n por este Sitio Web se encuentran recogidos en el apartado \u201cCondiciones Generales de Uso\u201d del presente documento, de conformidad con la normativa legal vigente. Se recuerda que el responsable podr\u00eda modificar en cualquier momento estas condiciones de manera unilateral, por lo que es recomendable que las visite de forma peri\u00f3dica a fin de estar debidamente informado de posibles cambios realizados. La \u00faltima modificaci\u00f3n de la presente Pol\u00edtica de privacidad y cookies se realiz\u00f3 con fecha de 12\/07\/2018.<\/p><p>El acceso al Sitio Web es gratuito, salvo en lo relativo al coste de la conexi\u00f3n a trav\u00e9s de la red de telecomunicaciones suministrada por el proveedor de acceso contratado por los usuarios. La utilizaci\u00f3n del Sitio Web le atribuye la condici\u00f3n de Usuario e implica la aceptaci\u00f3n de todas las condiciones incluidas en esta Pol\u00edtica de privacidad.<\/p><p>Para garantizar que su navegaci\u00f3n se ajuste a los criterios de transparencia, claridad y sencillez, se informa al Usuario de que cualquier duda, sugerencia o consulta sobre la presente Pol\u00edtica de privacidad ser\u00e1 recibida y tramitada a trav\u00e9s de la direcci\u00f3n de correo electr\u00f3nico.<\/p><h2>2. Condiciones Generales de Uso<\/h2><h3>2.1. General<\/h3><p>El Usuario se compromete a hacer un uso correcto del Sitio Web de conformidad con la ley y con estas Condiciones Generales de Uso y responder\u00e1 frente a CENTRO CL\u00cdNICO DE REHABILITACI\u00d3N ROCAMAR, S.L. o frente a terceros de cualesquiera da\u00f1os y perjuicios que pudieran causarse como consecuencia del incumplimiento de esta obligaci\u00f3n. Queda expresamente prohibido el uso del Sitio Web con fines lesivos de bienes o intereses del responsable o de terceros o que de cualquier otra forma sobrecarguen, da\u00f1en o inutilicen las redes, servidores y dem\u00e1s equipos inform\u00e1ticos (hardware) o productos y aplicaciones inform\u00e1ticas (software) de los mismos.<\/p><h3>2.2. Propiedad Industrial e Intelectual<\/h3><p>Todos los contenidos del Sitio Web \u2013entendiendo como tales a t\u00edtulo meramente enunciativo pero no limitativo los textos, fotograf\u00edas, gr\u00e1ficos, iconos, tecnolog\u00eda, software, links y dem\u00e1s contenidos audiovisuales o sonoros, as\u00ed como su dise\u00f1o gr\u00e1fico y c\u00f3digos fuente (en adelante, los \u201cContenidos\u201d) \u2013son propiedad intelectual de CENTRO CL\u00cdNICO DE REHABILITACI\u00d3N ROCAMAR, S.L., sin que puedan entenderse cedidos al Usuario ninguno de los derechos de explotaci\u00f3n sobre los mismos m\u00e1s all\u00e1 de lo estrictamente necesario para el correcto uso del Sitio. Asimismo, todas las marcas, nombres comerciales, logos y signos distintivos son propiedad de CENTRO CL\u00cdNICO DE REHABILITACI\u00d3N ROCAMAR, S.L. y no podr\u00e1n ser reproducidos o utilizados por el Usuario salvo autorizaci\u00f3n expresa otorgada por \u00e9l.<\/p><p>El Usuario se compromete a no reproducir, copiar, distribuir, poner a disposici\u00f3n o comunicar p\u00fablicamente de cualquier otro modo, transformar o modificar los Contenidos salvo en los casos autorizados por la ley o consentidos de forma expresa por CENTRO CL\u00cdNICO DE REHABILITACI\u00d3N ROCAMAR, S.L. o, en su caso, por quien ostente la titularidad de los derechos de explotaci\u00f3n. El acceso al Sitio Web no implica en ninguna circunstancia ning\u00fan tipo de renuncia, transmisi\u00f3n, licencia o cesi\u00f3n total ni parcial de dichos derechos, salvo que se establezca expresamente lo contrario.<\/p><p>El Usuario deber\u00e1 abstenerse de reproducir o copiar para uso privado los Contenidos que puedan ser considerados como Software o Base de Datos de conformidad con la legislaci\u00f3n vigente en materia de propiedad intelectual, as\u00ed como su comunicaci\u00f3n p\u00fablica o puesta a disposici\u00f3n de terceros cuando estos actos impliquen necesariamente la reproducci\u00f3n por parte del Usuario o de un tercero.<\/p><h3>2.3. Contenidos<\/h3><p>El usuario se compromete a utilizar los Contenidos de conformidad con la ley y las Condiciones Generales de Uso, as\u00ed como con las dem\u00e1s condiciones, reglamentos o instrucciones que en su caso pudieran resultar de aplicaci\u00f3n de conformidad con la cl\u00e1usula 5 de la presente Pol\u00edtica de privacidad.<\/p><h3>2.4. Obligaciones y responsabilidades del Usuario del Sitio Web<\/h3><p>El Usuario se compromete a hacer un uso adecuado y l\u00edcito del Sitio Web, as\u00ed como de sus Servicios y Contenidos, de conformidad con la legislaci\u00f3n aplicable en cada momento, las Condiciones Generales de Uso, la moral y buenas costumbres generalmente aceptadas y el orden p\u00fablico.<\/p><h3>2.5. Formularios de Recogida de Datos<\/h3><p>La utilizaci\u00f3n de ciertos servicios o la atenci\u00f3n de solicitudes dirigidas a CENTRO CL\u00cdNICO DE REHABILITACI\u00d3N ROCAMAR, S.L. est\u00e1n condicionadas a la previa cumplimentaci\u00f3n del correspondiente formulario de recogida de datos habilitado a tales efectos. El Usuario se compromete a facilitar informaci\u00f3n veraz al cumplimentar los formularios con sus datos de car\u00e1cter personal y a mantenerlos actualizados en todo momento de forma que estos respondan, en cada momento, a su situaci\u00f3n real. En todo caso el Usuario ser\u00e1 el \u00fanico responsable de las manifestaciones falsas o inexactas que realice y de los perjuicios que la informaci\u00f3n que facilite cause al responsable o a terceros.<\/p><p>En el caso de que los usuarios de este Sitio Web debieran facilitar su direcci\u00f3n de correo electr\u00f3nico para acceder a alguno de los servicios ofertados o para identificarse voluntariamente en el caso de una encuesta de satisfacci\u00f3n, podr\u00e1n manifestar que no desean recibir ning\u00fan tipo de comunicaci\u00f3n, siempre que no est\u00e9 ligada estrictamente a la finalidad para la que se solicit\u00f3 el servicio. CENTRO CL\u00cdNICO DE REHABILITACI\u00d3N ROCAMAR, S.L. pone a disposici\u00f3n de los usuarios que se hubiesen inscrito en alg\u00fan tipo de lista de correo dentro de este Sitio Web una direcci\u00f3n de correo electr\u00f3nico a trav\u00e9s de la cual pueden darse de baja de este servicio: clinicarocamar@gmail.com.<\/p><h3>2.6. Informaci\u00f3n sobre Productos<\/h3><p>Toda la informaci\u00f3n contenida o referenciada en este Sitio Web tiene el \u00fanico prop\u00f3sito de ser una introducci\u00f3n a los servicios prestados por el responsable. Por favor, contacte directamente con el responsable para solicitar ayuda o instrucciones relativas a sus productos o servicios.<\/p><h2>3. Responsabilidades<\/h2><p>CENTRO CL\u00cdNICO DE REHABILITACI\u00d3N ROCAMAR, S.L. no se responsabiliza ni garantiza que el acceso a este Sitio Web est\u00e9 libre de error o no pueda ser interrumpido por eventuales errores de programaci\u00f3n u otras causas de fuerza mayor. De igual manera, en ning\u00fan caso ser\u00e1 responsable por las p\u00e9rdidas, da\u00f1os o perjuicios de cualquier naturaleza que surjan por el acceso y uso del Sitio Web, incluy\u00e9ndose, pero no limit\u00e1ndose, a los ocasionados a los sistemas inform\u00e1ticos o provocados por la introducci\u00f3n de un virus; ni por aquellos que pudiesen ocasionarse al Usuario por un uso inadecuado de este Sitio Web. En particular, no se responsabiliza en modo alguno de las ca\u00eddas, interrupciones, falta o defecto de las comunicaciones.<\/p><p>El responsable no revisa en todo momento cada una de las webs de terceros que se encuentran enlazadas con este Sitio Web y a las que el Usuario puede ser redirigido y no asume ning\u00fan tipo de responsabilidad respecto a los contenidos que pudieran albergar. En caso de advertir la existencia de contenidos contrarios a la ley, la moral o el orden p\u00fablico, el responsable proceder\u00e1 a la retirada inmediata del enlace a la web en cuesti\u00f3n y a la comunicaci\u00f3n de esta situaci\u00f3n a la autoridad competente, conforme al art\u00edculo 16 de la Ley 34\/2002, de 11 de julio, de servicios de la sociedad de la informaci\u00f3n y de comercio electr\u00f3nico (LSSICE). Esta circunstancia se extiende a la informaci\u00f3n y contenidos alojados en foros, chats, comentarios, redes sociales, blogs y similares.<\/p><h2>4. Privacidad<\/h2><h3>4.1. Protecci\u00f3n de Datos<\/h3><p>La visita a este Sitio Web no supone que el Usuario est\u00e9 obligado a facilitar ninguna informaci\u00f3n sobre s\u00ed mismo. En el caso de que el Usuario proporcione alguna informaci\u00f3n de car\u00e1cter personal, los datos personales recogidos en este Sitio Web ser\u00e1n utilizados con la finalidad, en la forma y con las limitaciones y derechos previstos por el Reglamento (UE) 2016\/679 de 27 de abril de 2016 (Reglamento General de Datos) y dem\u00e1s legislaci\u00f3n vigente en materia de protecci\u00f3n de datos. Los datos facilitados por el Usuario ser\u00e1n incorporados a los ficheros de car\u00e1cter personal de los que CENTRO CL\u00cdNICO DE REHABILITACI\u00d3N ROCAMAR, S.L. es responsable, donde ser\u00e1n conservados de forma confidencial y atendiendo a las correspondientes medidas de seguridad.<\/p><p>El responsable proceder\u00e1 a la cancelaci\u00f3n de los datos recogidos cuando estos dejen de ser necesarios o pertinentes en relaci\u00f3n con la finalidad para la que fueron recogidos.<\/p><p>En el caso de que los datos personales se pretendieran utilizar para una finalidad distinta para la que fueran recabados, se requerir\u00e1 el consentimiento previo del Usuario.<\/p><h3>4.2. Derechos del interesado<\/h3><p>Los Usuarios cuyos datos sean objeto de tratamiento podr\u00e1n ejercitar gratuitamente sus derechos de acceso, rectificaci\u00f3n y supresi\u00f3n de sus datos personales, as\u00ed como de limitaci\u00f3n u oposici\u00f3n al tratamiento, dirigi\u00e9ndose al responsable a trav\u00e9s de los datos de contacto:<br \/>CALLE SAN MARCOS,3 18005 GRANADA.<br \/>Direcci\u00f3n de correo electr\u00f3nico: clinicarocamar@gmail.com.<\/p><h3>4.3. Seguridad y confidencialidad<\/h3><p>El acceso a los datos personales se encuentra restringido a aquellos empleados que tienen necesidad de utilizarlos y que han sido debidamente formados para manejarlos, observando estrictos niveles de confidencialidad con el fin de evitar, en la medida de lo posible, cualquier p\u00e9rdida, alteraci\u00f3n o mal uso de estos.<\/p><h3>4.5. Cookies<\/h3><p>Este Sitio Web puede utilizar cookies propias o de terceros que pueden servir para identificar una sesi\u00f3n de usuarios (cookies de sesi\u00f3n) y\/o un equipo o dispositivo (persistentes). Estas cookies se asocian \u00fanicamente con un usuario y su ordenador, y no proporcionan por s\u00ed mismas el nombre de usuario ni ning\u00fan dato de car\u00e1cter personal. Tampoco pueden leer datos de su disco duro ni archivos cookie creados por otros proveedores.<\/p><p>Las cookies son ficheros enviados a un navegador por medio de un servidor web con el objeto de registrar la navegaci\u00f3n del Usuario del Sitio Web, cuando este permita su recepci\u00f3n. Para m\u00e1s informaci\u00f3n, acceda a nuestra Pol\u00edtica de cookies.<\/p><h3>4.6. Direcciones IP<\/h3><p>Una direcci\u00f3n IP es un n\u00famero asignado autom\u00e1ticamente a un ordenador cuando este se conecta a internet. Al navegar por el Sitio Web, los servidores podr\u00e1n detectar de manera autom\u00e1tica la direcci\u00f3n IP y el nombre de dominio utilizados por el usuario. Toda esta informaci\u00f3n es registrada en ficheros de actividad del servidor que permiten el posterior procesamiento de los datos con el fin de obtener mediciones \u00fanicamente estad\u00edsticas acerca del n\u00famero de impresiones de p\u00e1ginas, visitas realizadas a los servidores web, orden de visitas, puntos de acceso, etc.<\/p><h2>5. Ley Aplicable y Jurisdicci\u00f3n<\/h2><p>La ley aplicable en caso de disputa o conflicto de interpretaci\u00f3n de los t\u00e9rminos y condiciones de este Sitio Web, as\u00ed como cualquier cuesti\u00f3n relacionada con los servicios ofertados en el mismo, ser\u00e1 la ley espa\u00f1ola, siendo competentes para la resoluci\u00f3n de los conflictos derivados de su uso los Juzgados y Tribunales m\u00e1s cercanos a GRANADA.<\/p>\t\t\t\t\t\t<\/div>\n\t\t\t\t<\/div>\n\t\t\t\t<div class=\"elementor-element elementor-element-99a4593 elementor-widget elementor-widget-spacer\" data-id=\"99a4593\" data-element_type=\"widget\" data-widget_type=\"spacer.default\">\n\t\t\t\t<div class=\"elementor-widget-container\">\n\t\t\t\t\t<div class=\"elementor-spacer\">\n\t\t\t<div class=\"elementor-spacer-inner\"><\/div>\n\t\t<\/div>\n\t\t\t\t<\/div>\n\t\t\t\t<\/div>\n\t\t\t\t\t<\/div>\n\t\t\t\t<\/div>\n\t\t\t\t<\/div>","protected":false},"excerpt":{"rendered":"<p>Pol\u00edtica de privacidad Este Sitio Web es propiedad de CENTRO CL\u00cdNICO DE REHABILITACI\u00d3N ROCAMAR, S.L., responsable del tratamiento, cuyo domicilio social se encuentra sito en CALLE SAN MARCOS, 3, 18005 GRANADA. Direcci\u00f3n de correo electr\u00f3nico de contacto: clinicarocamar@gmail.com. El nombre de dominio bajo el que figura el responsable en internet es https:\/\/clinicarocamar.es\u00a0 1. Informaci\u00f3n Legal [&hellip;]<\/p>","protected":false},"author":1,"featured_media":0,"parent":0,"menu_order":0,"comment_status":"closed","ping_status":"closed","template":"elementor_header_footer","meta":{"footnotes":""},"yoast_head":"<!-- This site is optimized with the Yoast SEO plugin v23.1 - https:\/\/yoast.com\/wordpress\/plugins\/seo\/ -->\n<title>Pol\u00edtica de privacidad - Clinica Rocamar<\/title>\n<meta name=\"robots\" content=\"noindex, follow\" \/>\n<meta property=\"og:locale\" content=\"en_GB\" \/>\n<meta property=\"og:type\" content=\"article\" \/>\n<meta property=\"og:title\" content=\"Pol\u00edtica de privacidad - Clinica Rocamar\" \/>\n<meta property=\"og:description\" content=\"Pol\u00edtica de privacidad Este Sitio Web es propiedad de CENTRO CL\u00cdNICO DE REHABILITACI\u00d3N ROCAMAR, S.L., responsable del tratamiento, cuyo domicilio social se encuentra sito en CALLE SAN MARCOS, 3, 18005 GRANADA. Direcci\u00f3n de correo electr\u00f3nico de contacto: clinicarocamar@gmail.com. El nombre de dominio bajo el que figura el responsable en internet es https:\/\/clinicarocamar.es\u00a0 1. Informaci\u00f3n Legal [&hellip;]\" \/>\n<meta property=\"og:url\" content=\"https:\/\/clinicarocamar.es\/en\/politica-de-privacidad\/\" \/>\n<meta property=\"og:site_name\" content=\"Clinica Rocamar\" \/>\n<meta property=\"article:modified_time\" content=\"2024-02-08T11:28:03+00:00\" \/>\n<meta name=\"twitter:card\" content=\"summary_large_image\" \/>\n<meta name=\"twitter:label1\" content=\"Estimated reading time\" \/>\n\t<meta name=\"twitter:data1\" content=\"9 minutes\" \/>\n<script type=\"application\/ld+json\" class=\"yoast-schema-graph\">{\"@context\":\"https:\/\/schema.org\",\"@graph\":[{\"@type\":\"WebPage\",\"@id\":\"https:\/\/clinicarocamar.es\/en\/politica-de-privacidad\/\",\"url\":\"https:\/\/clinicarocamar.es\/en\/politica-de-privacidad\/\",\"name\":\"Pol\u00edtica de privacidad - Clinica Rocamar\",\"isPartOf\":{\"@id\":\"https:\/\/clinicarocamar.es\/#website\"},\"datePublished\":\"2024-02-08T11:24:56+00:00\",\"dateModified\":\"2024-02-08T11:28:03+00:00\",\"breadcrumb\":{\"@id\":\"https:\/\/clinicarocamar.es\/en\/politica-de-privacidad\/#breadcrumb\"},\"inLanguage\":\"en-GB\",\"potentialAction\":[{\"@type\":\"ReadAction\",\"target\":[\"https:\/\/clinicarocamar.es\/en\/politica-de-privacidad\/\"]}]},{\"@type\":\"BreadcrumbList\",\"@id\":\"https:\/\/clinicarocamar.es\/en\/politica-de-privacidad\/#breadcrumb\",\"itemListElement\":[{\"@type\":\"ListItem\",\"position\":1,\"name\":\"Inicio\",\"item\":\"https:\/\/clinicarocamar.es\/\"},{\"@type\":\"ListItem\",\"position\":2,\"name\":\"Pol\u00edtica de privacidad\"}]},{\"@type\":\"WebSite\",\"@id\":\"https:\/\/clinicarocamar.es\/#website\",\"url\":\"https:\/\/clinicarocamar.es\/\",\"name\":\"Clinica Rocamar\",\"description\":\"\",\"publisher\":{\"@id\":\"https:\/\/clinicarocamar.es\/#organization\"},\"potentialAction\":[{\"@type\":\"SearchAction\",\"target\":{\"@type\":\"EntryPoint\",\"urlTemplate\":\"https:\/\/clinicarocamar.es\/?s={search_term_string}\"},\"query-input\":\"required name=search_term_string\"}],\"inLanguage\":\"en-GB\"},{\"@type\":\"Organization\",\"@id\":\"https:\/\/clinicarocamar.es\/#organization\",\"name\":\"Clinica Rocamar\",\"url\":\"https:\/\/clinicarocamar.es\/\",\"logo\":{\"@type\":\"ImageObject\",\"inLanguage\":\"en-GB\",\"@id\":\"https:\/\/clinicarocamar.es\/#\/schema\/logo\/image\/\",\"url\":\"https:\/\/clinicarocamar.es\/wp-content\/uploads\/2024\/02\/logoAl-e1523466358728.png\",\"contentUrl\":\"https:\/\/clinicarocamar.es\/wp-content\/uploads\/2024\/02\/logoAl-e1523466358728.png\",\"width\":1602,\"height\":290,\"caption\":\"Clinica Rocamar\"},\"image\":{\"@id\":\"https:\/\/clinicarocamar.es\/#\/schema\/logo\/image\/\"}}]}<\/script>\n<!-- \/ Yoast SEO plugin. -->","yoast_head_json":{"title":"Pol\u00edtica de privacidad - Clinica Rocamar","robots":{"index":"noindex","follow":"follow"},"og_locale":"en_GB","og_type":"article","og_title":"Pol\u00edtica de privacidad - Clinica Rocamar","og_description":"Pol\u00edtica de privacidad Este Sitio Web es propiedad de CENTRO CL\u00cdNICO DE REHABILITACI\u00d3N ROCAMAR, S.L., responsable del tratamiento, cuyo domicilio social se encuentra sito en CALLE SAN MARCOS, 3, 18005 GRANADA. Direcci\u00f3n de correo electr\u00f3nico de contacto: clinicarocamar@gmail.com. El nombre de dominio bajo el que figura el responsable en internet es https:\/\/clinicarocamar.es\u00a0 1. Informaci\u00f3n Legal [&hellip;]","og_url":"https:\/\/clinicarocamar.es\/en\/politica-de-privacidad\/","og_site_name":"Clinica Rocamar","article_modified_time":"2024-02-08T11:28:03+00:00","twitter_card":"summary_large_image","twitter_misc":{"Estimated reading time":"9 minutes"},"schema":{"@context":"https:\/\/schema.org","@graph":[{"@type":"WebPage","@id":"https:\/\/clinicarocamar.es\/en\/politica-de-privacidad\/","url":"https:\/\/clinicarocamar.es\/en\/politica-de-privacidad\/","name":"Pol\u00edtica de privacidad - Clinica Rocamar","isPartOf":{"@id":"https:\/\/clinicarocamar.es\/#website"},"datePublished":"2024-02-08T11:24:56+00:00","dateModified":"2024-02-08T11:28:03+00:00","breadcrumb":{"@id":"https:\/\/clinicarocamar.es\/en\/politica-de-privacidad\/#breadcrumb"},"inLanguage":"en-GB","potentialAction":[{"@type":"ReadAction","target":["https:\/\/clinicarocamar.es\/en\/politica-de-privacidad\/"]}]},{"@type":"BreadcrumbList","@id":"https:\/\/clinicarocamar.es\/en\/politica-de-privacidad\/#breadcrumb","itemListElement":[{"@type":"ListItem","position":1,"name":"Inicio","item":"https:\/\/clinicarocamar.es\/"},{"@type":"ListItem","position":2,"name":"Pol\u00edtica de privacidad"}]},{"@type":"WebSite","@id":"https:\/\/clinicarocamar.es\/#website","url":"https:\/\/clinicarocamar.es\/","name":"Clinica Rocamar","description":"","publisher":{"@id":"https:\/\/clinicarocamar.es\/#organization"},"potentialAction":[{"@type":"SearchAction","target":{"@type":"EntryPoint","urlTemplate":"https:\/\/clinicarocamar.es\/?s={search_term_string}"},"query-input":"required name=search_term_string"}],"inLanguage":"en-GB"},{"@type":"Organization","@id":"https:\/\/clinicarocamar.es\/#organization","name":"Clinica Rocamar","url":"https:\/\/clinicarocamar.es\/","logo":{"@type":"ImageObject","inLanguage":"en-GB","@id":"https:\/\/clinicarocamar.es\/#\/schema\/logo\/image\/","url":"https:\/\/clinicarocamar.es\/wp-content\/uploads\/2024\/02\/logoAl-e1523466358728.png","contentUrl":"https:\/\/clinicarocamar.es\/wp-content\/uploads\/2024\/02\/logoAl-e1523466358728.png","width":1602,"height":290,"caption":"Clinica Rocamar"},"image":{"@id":"https:\/\/clinicarocamar.es\/#\/schema\/logo\/image\/"}}]}},"_links":{"self":[{"href":"https:\/\/clinicarocamar.es\/en\/wp-json\/wp\/v2\/pages\/200"}],"collection":[{"href":"https:\/\/clinicarocamar.es\/en\/wp-json\/wp\/v2\/pages"}],"about":[{"href":"https:\/\/clinicarocamar.es\/en\/wp-json\/wp\/v2\/types\/page"}],"author":[{"embeddable":true,"href":"https:\/\/clinicarocamar.es\/en\/wp-json\/wp\/v2\/users\/1"}],"replies":[{"embeddable":true,"href":"https:\/\/clinicarocamar.es\/en\/wp-json\/wp\/v2\/comments?post=200"}],"version-history":[{"count":5,"href":"https:\/\/clinicarocamar.es\/en\/wp-json\/wp\/v2\/pages\/200\/revisions"}],"predecessor-version":[{"id":206,"href":"https:\/\/clinicarocamar.es\/en\/wp-json\/wp\/v2\/pages\/200\/revisions\/206"}],"wp:attachment":[{"href":"https:\/\/clinicarocamar.es\/en\/wp-json\/wp\/v2\/media?parent=200"}],"curies":[{"name":"wp","href":"https:\/\/api.w.org\/{rel}","templated":true}]}}